{"id":1044,"date":"2023-05-23T13:10:57","date_gmt":"2023-05-23T11:10:57","guid":{"rendered":"http:\/\/fmp.org.pl\/en\/?page_id=1044"},"modified":"2023-07-20T09:02:51","modified_gmt":"2023-07-20T07:02:51","slug":"21-lipca","status":"publish","type":"page","link":"https:\/\/fmp.org.pl\/en\/21-lipca\/","title":{"rendered":"21 lipca"},"content":{"rendered":"\t\t<div data-elementor-type=\"wp-page\" data-elementor-id=\"1044\" class=\"elementor elementor-1044\">\n\t\t\t\t\t\t\t\t\t<section class=\"elementor-section elementor-top-section elementor-element elementor-element-758933c elementor-section-stretched elementor-section-boxed elementor-section-height-default elementor-section-height-default\" data-id=\"758933c\" data-element_type=\"section\" data-settings=\"{&quot;stretch_section&quot;:&quot;section-stretched&quot;,&quot;background_background&quot;:&quot;classic&quot;,&quot;_ha_eqh_enable&quot;:false}\">\n\t\t\t\t\t\t<div class=\"elementor-container elementor-column-gap-default\">\n\t\t\t\t\t<div class=\"aux-parallax-section elementor-column elementor-col-33 elementor-top-column elementor-element elementor-element-092f021\" data-id=\"092f021\" data-element_type=\"column\">\n\t\t\t<div class=\"elementor-widget-wrap elementor-element-populated\">\n\t\t\t\t\t\t\t\t<div class=\"elementor-element elementor-element-06bb74f elementor-widget elementor-widget-heading\" data-id=\"06bb74f\" data-element_type=\"widget\" data-widget_type=\"heading.default\">\n\t\t\t\t<div class=\"elementor-widget-container\">\n\t\t\t<style>\/*! elementor - v3.13.3 - 28-05-2023 *\/\n.elementor-heading-title{padding:0;margin:0;line-height:1}.elementor-widget-heading .elementor-heading-title[class*=elementor-size-]>a{color:inherit;font-size:inherit;line-height:inherit}.elementor-widget-heading .elementor-heading-title.elementor-size-small{font-size:15px}.elementor-widget-heading .elementor-heading-title.elementor-size-medium{font-size:19px}.elementor-widget-heading .elementor-heading-title.elementor-size-large{font-size:29px}.elementor-widget-heading .elementor-heading-title.elementor-size-xl{font-size:39px}.elementor-widget-heading .elementor-heading-title.elementor-size-xxl{font-size:59px}<\/style><span class=\"elementor-heading-title elementor-size-default\">July 21, 2023 <br> hrs 19.00<\/span>\t\t<\/div>\n\t\t\t\t<\/div>\n\t\t\t\t<div class=\"elementor-element elementor-element-1de1e09 elementor-align-left elementor-icon-list--layout-traditional elementor-list-item-link-full_width elementor-widget elementor-widget-icon-list\" data-id=\"1de1e09\" data-element_type=\"widget\" data-widget_type=\"icon-list.default\">\n\t\t\t\t<div class=\"elementor-widget-container\">\n\t\t\t<link rel=\"stylesheet\" href=\"https:\/\/fmp.org.pl\/en\/wp-content\/plugins\/elementor\/assets\/css\/widget-icon-list.min.css\">\t\t<ul class=\"elementor-icon-list-items\">\n\t\t\t\t\t\t\t<li class=\"elementor-icon-list-item\">\n\t\t\t\t\t\t\t\t\t\t\t<a href=\"https:\/\/www.google.com\/maps?q=Aula+Collegium+Novum+UJ+ul.+Go%C5%82%C4%99bia+24&#038;um=1&#038;ie=UTF-8&#038;sa=X&#038;ved=2ahUKEwjS0ofikIv_AhWgAxAIHVebDfsQ_AUoAXoECAIQAw\" target=\"_blank\" rel=\"nofollow\">\n\n\t\t\t\t\t\t\t\t\t\t\t\t<span class=\"elementor-icon-list-icon\">\n\t\t\t\t\t\t\t<i aria-hidden=\"true\" class=\"fas fa-map-marker-alt\"><\/i>\t\t\t\t\t\t<\/span>\n\t\t\t\t\t\t\t\t\t\t<span class=\"elementor-icon-list-text\">Aula Collegium Novum of the UJ<\/span>\n\t\t\t\t\t\t\t\t\t\t\t<\/a>\n\t\t\t\t\t\t\t\t\t<\/li>\n\t\t\t\t\t\t<\/ul>\n\t\t\t\t<\/div>\n\t\t\t\t<\/div>\n\t\t\t\t<div class=\"elementor-element elementor-element-cb5b860 elementor-widget elementor-widget-text-editor\" data-id=\"cb5b860\" data-element_type=\"widget\" data-widget_type=\"text-editor.default\">\n\t\t\t\t<div class=\"elementor-widget-container\">\n\t\t\t<style>\/*! elementor - v3.13.3 - 28-05-2023 *\/\n.elementor-widget-text-editor.elementor-drop-cap-view-stacked .elementor-drop-cap{background-color:#69727d;color:#fff}.elementor-widget-text-editor.elementor-drop-cap-view-framed .elementor-drop-cap{color:#69727d;border:3px solid;background-color:transparent}.elementor-widget-text-editor:not(.elementor-drop-cap-view-default) .elementor-drop-cap{margin-top:8px}.elementor-widget-text-editor:not(.elementor-drop-cap-view-default) .elementor-drop-cap-letter{width:1em;height:1em}.elementor-widget-text-editor .elementor-drop-cap{float:left;text-align:center;line-height:1;font-size:50px}.elementor-widget-text-editor .elementor-drop-cap-letter{display:inline-block}<\/style>\t\t\t\t<p>FESTUM IUVENTUTIS \u2013 YOUNG FESTIVAL<\/p><p>Viet Trung Nguyen, piano\u00a0<\/p>\t\t\t\t\t\t<\/div>\n\t\t\t\t<\/div>\n\t\t\t\t\t<\/div>\n\t\t<\/div>\n\t\t\t\t<div class=\"aux-parallax-section elementor-column elementor-col-33 elementor-top-column elementor-element elementor-element-ae38358\" data-id=\"ae38358\" data-element_type=\"column\">\n\t\t\t<div class=\"elementor-widget-wrap elementor-element-populated\">\n\t\t\t\t\t\t\t\t<div class=\"elementor-element elementor-element-5686e0b elementor-widget elementor-widget-text-editor\" data-id=\"5686e0b\" data-element_type=\"widget\" data-widget_type=\"text-editor.default\">\n\t\t\t\t<div class=\"elementor-widget-container\">\n\t\t\t\t\t\t\t<p><strong>Karol Kurpi\u0144ski:<\/strong> Polonaise in D minor\u00a0<br \/><strong>Ignacy Jan Paderewski:<\/strong> Minuet in G major op. 14 No. 1<br \/><strong>Ignacy Jan Paderewski:<\/strong> Sarabande in B minor, Op. 14 No. 2<br \/><strong>Ignacy Jan Paderewski:<\/strong> Melody in G flat major op. 16 No. 2<\/p><p><em>***pause***<\/em><\/p><p><strong>Fryderyk Chopin:<\/strong> Mazurkas op. 17\u00a0\u00a0<br \/><strong>Mieczys\u0142aw Kar\u0142owicz:<\/strong> Waltz in G major<br \/><strong>Fryderyk Chopin:<\/strong> Ballade in F minor op. 52<br \/><strong>Fryderyk Chopin:<\/strong> Sonata in B flat minor op. 35<\/p>\t\t\t\t\t\t<\/div>\n\t\t\t\t<\/div>\n\t\t\t\t<div class=\"elementor-element elementor-element-ad0e0be elementor-align-left elementor-widget elementor-widget-button\" data-id=\"ad0e0be\" data-element_type=\"widget\" data-widget_type=\"button.default\">\n\t\t\t\t<div class=\"elementor-widget-container\">\n\t\t\t\t\t<div class=\"elementor-button-wrapper\">\n\t\t\t<a href=\"https:\/\/smp.sumupstore.com\" target=\"_blank\" class=\"elementor-button-link elementor-button elementor-size-sm\" role=\"button\">\n\t\t\t\t\t\t<span class=\"elementor-button-content-wrapper\">\n\t\t\t\t\t\t<span class=\"elementor-button-text\">Buy a ticket<\/span>\n\t\t<\/span>\n\t\t\t\t\t<\/a>\n\t\t<\/div>\n\t\t\t\t<\/div>\n\t\t\t\t<\/div>\n\t\t\t\t\t<\/div>\n\t\t<\/div>\n\t\t\t\t<div class=\"aux-parallax-section elementor-column elementor-col-33 elementor-top-column elementor-element elementor-element-6774bd3\" data-id=\"6774bd3\" data-element_type=\"column\">\n\t\t\t<div class=\"elementor-widget-wrap elementor-element-populated\">\n\t\t\t\t\t\t\t\t<div class=\"elementor-element elementor-element-11cc644 elementor-widget elementor-widget-image-carousel\" data-id=\"11cc644\" data-element_type=\"widget\" data-settings=\"{&quot;slides_to_show&quot;:&quot;1&quot;,&quot;slides_to_show_mobile&quot;:&quot;2&quot;,&quot;navigation&quot;:&quot;none&quot;,&quot;autoplay_speed&quot;:3000,&quot;autoplay&quot;:&quot;yes&quot;,&quot;pause_on_hover&quot;:&quot;yes&quot;,&quot;pause_on_interaction&quot;:&quot;yes&quot;,&quot;infinite&quot;:&quot;yes&quot;,&quot;effect&quot;:&quot;slide&quot;,&quot;speed&quot;:500}\" data-widget_type=\"image-carousel.default\">\n\t\t\t\t<div class=\"elementor-widget-container\">\n\t\t\t<style>\/*! elementor - v3.13.3 - 28-05-2023 *\/\n.elementor-widget-image-carousel .swiper,.elementor-widget-image-carousel .swiper-container{position:static}.elementor-widget-image-carousel .swiper-container .swiper-slide figure,.elementor-widget-image-carousel .swiper .swiper-slide figure{line-height:inherit}.elementor-widget-image-carousel .swiper-slide{text-align:center}.elementor-image-carousel-wrapper:not(.swiper-container-initialized):not(.swiper-initialized) .swiper-slide{max-width:calc(100% \/ var(--e-image-carousel-slides-to-show, 3))}<\/style>\t\t<div class=\"elementor-image-carousel-wrapper swiper\" dir=\"ltr\">\n\t\t\t<div class=\"elementor-image-carousel swiper-wrapper\">\n\t\t\t\t\t\t\t\t<div class=\"swiper-slide\"><figure class=\"swiper-slide-inner\"><img decoding=\"async\" class=\"swiper-slide-image\" src=\"https:\/\/fmp.org.pl\/en\/wp-content\/uploads\/2023\/05\/Projekt-bez-nazwy-1.jpg\" alt=\"fot. Filip Dowjat\" \/><figcaption class=\"elementor-image-carousel-caption\"> fot. Filip Dowjat <\/figcaption><\/figure><\/div>\t\t\t<\/div>\n\t\t\t\t\t<\/div>\n\t\t\t\t<\/div>\n\t\t\t\t<\/div>\n\t\t\t\t\t<\/div>\n\t\t<\/div>\n\t\t\t\t\t\t\t<\/div>\n\t\t<\/section>\n\t\t\t\t<section class=\"elementor-section elementor-top-section elementor-element elementor-element-0b65956 elementor-section-stretched elementor-section-boxed elementor-section-height-default elementor-section-height-default\" data-id=\"0b65956\" data-element_type=\"section\" data-settings=\"{&quot;stretch_section&quot;:&quot;section-stretched&quot;,&quot;_ha_eqh_enable&quot;:false}\">\n\t\t\t\t\t\t<div class=\"elementor-container elementor-column-gap-default\">\n\t\t\t\t\t<div class=\"aux-parallax-section elementor-column elementor-col-100 elementor-top-column elementor-element elementor-element-0670bea\" data-id=\"0670bea\" data-element_type=\"column\">\n\t\t\t<div class=\"elementor-widget-wrap elementor-element-populated\">\n\t\t\t\t\t\t\t\t<div class=\"elementor-element elementor-element-0fc2540 elementor-widget elementor-widget-text-editor\" data-id=\"0fc2540\" data-element_type=\"widget\" data-widget_type=\"text-editor.default\">\n\t\t\t\t<div class=\"elementor-widget-container\">\n\t\t\t\t\t\t\t<p><em><strong>Trung Viet Nguyen<\/strong><\/em><\/p><p>Vietnamese pianist born on 30 September 1996 in Ha Noi who has lived in Poland since childhood. He is currently pursuing postgraduate studies with Professor Katarzyna Popowa-Zydro\u0144 at the Academy of Music in Bydgoszcz. His recent achievements include winning the 17th National Piano Festival &#8220;Chopinowskie Interpretacje M\u0142odych&#8221; in Konin-\u017bychlin (2021), 5th prize at the Fryderyk Chopin National Competition in Warsaw (2020), Grand Prix at the International Chamber Music Competition in Vietnam (2019) and 3rd prize at the Karlovac International Piano Competition in Croatia (2019). In 2021, he took part in the 18th Frederic Chopin International Piano Competition in Warsaw. He has given concerts in Europe: Germany, France, Russia, Ukraine, Hungary and Poland, as well as in the United States, Thailand, South Korea, Japan and Vietnam. During the Expo 2020 World Expo in Dubai, he gave a series of recitals as part of the NIFC concerts in the Polish Pavilion. As a soloist, he has performed with the Vietnam National Symphony Orchestra, the Hanoi Symphonic Orchestra, the National Philharmonic Orchestra in Warsaw, the Polish Radio Orchestra and the Lublin Philharmonic Orchestra, under such conductors as Le Phi Phi, Honna Tetsuji, \u0141ukasz Borowicz, Marek Pijarowski, Wojciech Rodek and Jacek Rogala. The pianist also performs chamber music, collaborating with, among others, the Ulysses Quartet, the Arod Quartet and the Arso Quintet. His past performances include appearances at the Artur Rubinstein Festival in \u0141\u00f3d\u017a (2019), the Frost Chopin Piano Festival in Miami (2018, 2019), Chopin concerts in \u017belazowa Wola, the Fryderyk Chopin Museum and the Royal \u0141azienki Park. He has taken part in numerous masterclasses given by, among others: Tatiana Shebanova, Dang Thai Son, Kevin Kenner, Dmitri Alexeev or Andrzej Jasinski.<\/p>\t\t\t\t\t\t<\/div>\n\t\t\t\t<\/div>\n\t\t\t\t\t<\/div>\n\t\t<\/div>\n\t\t\t\t\t\t\t<\/div>\n\t\t<\/section>\n\t\t\t\t<section class=\"elementor-section elementor-top-section elementor-element elementor-element-512c3c8 elementor-section-stretched elementor-section-boxed elementor-section-height-default elementor-section-height-default\" data-id=\"512c3c8\" data-element_type=\"section\" data-settings=\"{&quot;stretch_section&quot;:&quot;section-stretched&quot;,&quot;background_background&quot;:&quot;classic&quot;,&quot;_ha_eqh_enable&quot;:false}\">\n\t\t\t\t\t\t<div class=\"elementor-container elementor-column-gap-default\">\n\t\t\t\t\t<div class=\"aux-parallax-section elementor-column elementor-col-100 elementor-top-column elementor-element elementor-element-9cad5b0\" data-id=\"9cad5b0\" data-element_type=\"column\">\n\t\t\t<div class=\"elementor-widget-wrap elementor-element-populated\">\n\t\t\t\t\t\t\t\t<div class=\"elementor-element elementor-element-48dbb4e elementor-widget elementor-widget-text-editor\" data-id=\"48dbb4e\" data-element_type=\"widget\" data-widget_type=\"text-editor.default\">\n\t\t\t\t<div class=\"elementor-widget-container\">\n\t\t\t\t\t\t\tAt the time when Chopin began his creative path, tying it to the piano, this instrument was eventually\ndominated by keyboard performance, overshadowing the harpsichord and clavichord. And although\nsome musicians convince us that the keyboard compositions by J\u00f3zef Elsner and Karol Kurpi\u0144ski,\nwritten in the 1820s and 1820s, sound well on the harpsichord, no one doubts that they were\nintended for the piano &#8211; an instrument which allowed the virtuosos who played it (already at the end\nof the 18th century they were called pianists) to shade the dynamics, achieve expressive nuances and\ndevelop a hitherto unparalleled technical proficiency. Kurpi\u0144ski&#39;s pianism still represents the style of\nlate Baroque playing. Against this background, Chopin&#39;s early works, e.g. the mazurkas, present\nthemselves as eminently innovative in terms of pianistic ideas. In his mature compositions (sonatas in\nB flat minor and B minor, ballades), Chopin gave evidence of his almost unlimited imagination as\nregards the shaping of texture in conjunction with experimental harmonics. Chopin&#39;s path was\nfollowed by many composers of piano music from the second half of the 19th century: Liszt, Henselt,\nand Anton Rubinstein. Echoes of Rubinstein&#39;s music, popular at the end of the 19th century, can be\nheard in the youthful works of Ignacy Jan Paderewski, such as Sarabande from Op. 14, clearly\nimitating the salon type of archaic stylisation introduced by Rubinstein, or the sentimental Melody\nfrom Op. 16 for violin and piano. In the case of Mieczys\u0142aw Kar\u0142owicz&#39;s Waltz in G major, it is difficult\nto speak of a conscious continuation of the achievements of the great piano masters, as it is a\nyouthful composition, in fact a child&#39;s composition &#8211; written before he went to study composition in\nBerlin. We know that in his mature oeuvre Kar\u0142owicz never returned to the piano genre &#8211; the type of\nintimate expression associated with this instrument did not suit him, he much preferred the\norchestra.\n\n<br><br>\nMagdalena Dziadek\t\t\t\t\t\t<\/div>\n\t\t\t\t<\/div>\n\t\t\t\t\t<\/div>\n\t\t<\/div>\n\t\t\t\t\t\t\t<\/div>\n\t\t<\/section>\n\t\t\t\t\t\t\t<\/div>\n\t\t","protected":false},"excerpt":{"rendered":"<p>July 21, 2023 hrs 19.00 Aula Collegium Novum of the UJ FESTUM IUVENTUTIS \u2013 YOUNG FESTIVAL Viet Trung Nguyen, piano\u00a0 Karol Kurpi\u0144ski: Polonaise in D minor\u00a0Ignacy Jan Paderewski: Minuet in G major op. 14 No. 1Ignacy Jan Paderewski: Sarabande in B minor, Op. 14 No. 2Ignacy Jan Paderewski: Melody in G flat major op. 16 [&hellip;]<\/p>\n","protected":false},"author":1,"featured_media":0,"parent":0,"menu_order":6,"comment_status":"closed","ping_status":"closed","template":"","meta":{"footnotes":""},"class_list":["post-1044","page","type-page","status-publish","hentry"],"_links":{"self":[{"href":"https:\/\/fmp.org.pl\/en\/wp-json\/wp\/v2\/pages\/1044","targetHints":{"allow":["GET"]}}],"collection":[{"href":"https:\/\/fmp.org.pl\/en\/wp-json\/wp\/v2\/pages"}],"about":[{"href":"https:\/\/fmp.org.pl\/en\/wp-json\/wp\/v2\/types\/page"}],"author":[{"embeddable":true,"href":"https:\/\/fmp.org.pl\/en\/wp-json\/wp\/v2\/users\/1"}],"replies":[{"embeddable":true,"href":"https:\/\/fmp.org.pl\/en\/wp-json\/wp\/v2\/comments?post=1044"}],"version-history":[{"count":43,"href":"https:\/\/fmp.org.pl\/en\/wp-json\/wp\/v2\/pages\/1044\/revisions"}],"predecessor-version":[{"id":2029,"href":"https:\/\/fmp.org.pl\/en\/wp-json\/wp\/v2\/pages\/1044\/revisions\/2029"}],"wp:attachment":[{"href":"https:\/\/fmp.org.pl\/en\/wp-json\/wp\/v2\/media?parent=1044"}],"curies":[{"name":"wp","href":"https:\/\/api.w.org\/{rel}","templated":true}]}}