{"id":13,"date":"2023-05-07T09:47:32","date_gmt":"2023-05-07T07:47:32","guid":{"rendered":"http:\/\/fmp.org.pl\/en\/?page_id=13"},"modified":"2023-05-31T12:59:24","modified_gmt":"2023-05-31T10:59:24","slug":"aktualnosci","status":"publish","type":"page","link":"https:\/\/fmp.org.pl\/en\/aktualnosci\/","title":{"rendered":"AKTUALNO\u015aCI"},"content":{"rendered":"\t\t<div data-elementor-type=\"wp-page\" data-elementor-id=\"13\" class=\"elementor elementor-13\">\n\t\t\t\t\t\t\t\t\t<section class=\"elementor-section elementor-top-section elementor-element elementor-element-5d57fca elementor-section-full_width elementor-section-stretched elementor-section-height-default elementor-section-height-default\" data-id=\"5d57fca\" data-element_type=\"section\" data-settings=\"{&quot;stretch_section&quot;:&quot;section-stretched&quot;,&quot;_ha_eqh_enable&quot;:false}\">\n\t\t\t\t\t\t<div class=\"elementor-container elementor-column-gap-default\">\n\t\t\t\t\t<div class=\"aux-parallax-section elementor-column elementor-col-100 elementor-top-column elementor-element elementor-element-c80f6d6\" data-id=\"c80f6d6\" data-element_type=\"column\">\n\t\t\t<div class=\"elementor-widget-wrap elementor-element-populated\">\n\t\t\t\t\t\t\t\t<div class=\"elementor-element elementor-element-61cddd6 elementor-grid-eael-col-4 elementor-grid-tablet-eael-col-2 elementor-grid-mobile-eael-col-1 elementor-widget elementor-widget-eael-post-grid\" data-id=\"61cddd6\" data-element_type=\"widget\" data-settings=\"{&quot;eael_post_grid_columns&quot;:&quot;eael-col-4&quot;,&quot;eael_post_grid_columns_tablet&quot;:&quot;eael-col-2&quot;,&quot;eael_post_grid_columns_mobile&quot;:&quot;eael-col-1&quot;}\" data-widget_type=\"eael-post-grid.default\">\n\t\t\t\t<div class=\"elementor-widget-container\">\n\t\t\t<div id=\"eael-post-grid-61cddd6\" class=\"eael-post-grid-container\">\n            <div class=\"eael-post-grid eael-post-appender eael-post-appender-61cddd6 eael-post-grid-style-default\" data-layout-mode=\"masonry\"><article class=\"eael-grid-post eael-post-grid-column\" data-id=\"2459\">\n        <div class=\"eael-grid-post-holder\">\n            <div class=\"eael-grid-post-holder-inner\"><div class=\"eael-entry-media\"><div class=\"eael-entry-overlay zoom-in\"><i class=\"fas fa-long-arrow-alt-right\" aria-hidden=\"true\"><\/i><a href=\"https:\/\/fmp.org.pl\/en\/2025\/05\/18\/21st-polish-music-festival-details-on-june-1st\/\"><\/a><\/div><div class=\"eael-entry-thumbnail \">\n                <img loading=\"lazy\" decoding=\"async\" width=\"300\" height=\"300\" src=\"https:\/\/fmp.org.pl\/en\/wp-content\/uploads\/2025\/05\/stempel-2b-300x300.jpg\" class=\"attachment-medium size-medium wp-image-2465\" alt=\"\" srcset=\"https:\/\/fmp.org.pl\/en\/wp-content\/uploads\/2025\/05\/stempel-2b-300x300.jpg 300w, https:\/\/fmp.org.pl\/en\/wp-content\/uploads\/2025\/05\/stempel-2b-150x150.jpg 150w\" sizes=\"auto, (max-width: 300px) 100vw, 300px\" \/>\n            <\/div>\n        <\/div><div class=\"eael-entry-wrapper\"><header class=\"eael-entry-header\"><h2 class=\"eael-entry-title\"><a\n                        class=\"eael-grid-post-link\"\n                        href=\"https:\/\/fmp.org.pl\/en\/2025\/05\/18\/21st-polish-music-festival-details-on-june-1st\/\"\n                        title=\"21ST POLISH MUSIC FESTIVAL &#8211; DETAILS ON JUNE 1st\">21ST POLISH MUSIC FESTIVAL &#8211; DETAILS ON JUNE 1st<\/a><\/h2><\/header><div class=\"eael-entry-content\">\n                        <div class=\"eael-grid-post-excerpt\"><a\n                            href=\"https:\/\/fmp.org.pl\/en\/2025\/05\/18\/21st-polish-music-festival-details-on-june-1st\/\"\n                            class=\"eael-post-elements-readmore-btn\">More<\/a><\/div>\n                    <\/div><div class=\"eael-entry-footer\"><div class=\"eael-entry-meta\"><\/div><\/div><\/div><\/div>\n        <\/div>\n    <\/article><article class=\"eael-grid-post eael-post-grid-column\" data-id=\"170\">\n        <div class=\"eael-grid-post-holder\">\n            <div class=\"eael-grid-post-holder-inner\"><div class=\"eael-entry-media\"><div class=\"eael-entry-overlay zoom-in\"><i class=\"fas fa-long-arrow-alt-right\" aria-hidden=\"true\"><\/i><a href=\"https:\/\/fmp.org.pl\/en\/2025\/05\/07\/miranda-liu-returns\/\"><\/a><\/div><div class=\"eael-entry-thumbnail \">\n                <img loading=\"lazy\" decoding=\"async\" width=\"300\" height=\"300\" src=\"https:\/\/fmp.org.pl\/en\/wp-content\/uploads\/2023\/05\/Projekt-bez-nazwy-5-300x300.jpg\" class=\"attachment-medium size-medium wp-image-410\" alt=\"\" srcset=\"https:\/\/fmp.org.pl\/en\/wp-content\/uploads\/2023\/05\/Projekt-bez-nazwy-5-300x300.jpg 300w, https:\/\/fmp.org.pl\/en\/wp-content\/uploads\/2023\/05\/Projekt-bez-nazwy-5-150x150.jpg 150w\" sizes=\"auto, (max-width: 300px) 100vw, 300px\" \/>\n            <\/div>\n        <\/div><div class=\"eael-entry-wrapper\"><header class=\"eael-entry-header\"><h2 class=\"eael-entry-title\"><a\n                        class=\"eael-grid-post-link\"\n                        href=\"https:\/\/fmp.org.pl\/en\/2025\/05\/07\/miranda-liu-returns\/\"\n                        title=\"MIRANDA LIU RETURNS\">MIRANDA LIU RETURNS<\/a><\/h2><\/header><div class=\"eael-entry-content\">\n                        <div class=\"eael-grid-post-excerpt\"><a\n                            href=\"https:\/\/fmp.org.pl\/en\/2025\/05\/07\/miranda-liu-returns\/\"\n                            class=\"eael-post-elements-readmore-btn\">More<\/a><\/div>\n                    <\/div><div class=\"eael-entry-footer\"><div class=\"eael-entry-meta\"><\/div><\/div><\/div><\/div>\n        <\/div>\n    <\/article><article class=\"eael-grid-post eael-post-grid-column\" data-id=\"1401\">\n        <div class=\"eael-grid-post-holder\">\n            <div class=\"eael-grid-post-holder-inner\"><div class=\"eael-entry-media\"><div class=\"eael-entry-overlay zoom-in\"><i class=\"fas fa-long-arrow-alt-right\" aria-hidden=\"true\"><\/i><a href=\"https:\/\/fmp.org.pl\/en\/2023\/05\/27\/program-19-festiwalu-muzyki-polskiej\/\"><\/a><\/div><div class=\"eael-entry-thumbnail \">\n                <img loading=\"lazy\" decoding=\"async\" width=\"300\" height=\"300\" src=\"https:\/\/fmp.org.pl\/en\/wp-content\/uploads\/2023\/05\/Projekt-bez-nazwy-16-300x300.jpg\" class=\"attachment-medium size-medium wp-image-1402\" alt=\"\" srcset=\"https:\/\/fmp.org.pl\/en\/wp-content\/uploads\/2023\/05\/Projekt-bez-nazwy-16-300x300.jpg 300w, https:\/\/fmp.org.pl\/en\/wp-content\/uploads\/2023\/05\/Projekt-bez-nazwy-16-150x150.jpg 150w\" sizes=\"auto, (max-width: 300px) 100vw, 300px\" \/>\n            <\/div>\n        <\/div><div class=\"eael-entry-wrapper\"><header class=\"eael-entry-header\"><h2 class=\"eael-entry-title\"><a\n                        class=\"eael-grid-post-link\"\n                        href=\"https:\/\/fmp.org.pl\/en\/2023\/05\/27\/program-19-festiwalu-muzyki-polskiej\/\"\n                        title=\"Program of the 19th Festival of Polish Music\">Program of the 19th Festival of Polish Music<\/a><\/h2><\/header><div class=\"eael-entry-content\">\n                        <div class=\"eael-grid-post-excerpt\"><a\n                            href=\"https:\/\/fmp.org.pl\/en\/2023\/05\/27\/program-19-festiwalu-muzyki-polskiej\/\"\n                            class=\"eael-post-elements-readmore-btn\">More<\/a><\/div>\n                    <\/div><div class=\"eael-entry-footer\"><div class=\"eael-entry-meta\"><\/div><\/div><\/div><\/div>\n        <\/div>\n    <\/article><article class=\"eael-grid-post eael-post-grid-column\" data-id=\"221\">\n        <div class=\"eael-grid-post-holder\">\n            <div class=\"eael-grid-post-holder-inner\"><div class=\"eael-entry-media\"><div class=\"eael-entry-overlay zoom-in\"><i class=\"fas fa-long-arrow-alt-right\" aria-hidden=\"true\"><\/i><a href=\"https:\/\/fmp.org.pl\/en\/2023\/05\/07\/zapraszamy-do-sklepu-on-line\/\"><\/a><\/div><div class=\"eael-entry-thumbnail \">\n                <img loading=\"lazy\" decoding=\"async\" width=\"300\" height=\"300\" src=\"https:\/\/fmp.org.pl\/en\/wp-content\/uploads\/2023\/05\/Projekt-bez-nazwy-10-300x300.jpg\" class=\"attachment-medium size-medium wp-image-436\" alt=\"\" srcset=\"https:\/\/fmp.org.pl\/en\/wp-content\/uploads\/2023\/05\/Projekt-bez-nazwy-10-300x300.jpg 300w, https:\/\/fmp.org.pl\/en\/wp-content\/uploads\/2023\/05\/Projekt-bez-nazwy-10-150x150.jpg 150w\" sizes=\"auto, (max-width: 300px) 100vw, 300px\" \/>\n            <\/div>\n        <\/div><div class=\"eael-entry-wrapper\"><header class=\"eael-entry-header\"><h2 class=\"eael-entry-title\"><a\n                        class=\"eael-grid-post-link\"\n                        href=\"https:\/\/fmp.org.pl\/en\/2023\/05\/07\/zapraszamy-do-sklepu-on-line\/\"\n                        title=\"Welcome to the online store\">Welcome to the online store<\/a><\/h2><\/header><div class=\"eael-entry-content\">\n                        <div class=\"eael-grid-post-excerpt\"><a\n                            href=\"https:\/\/fmp.org.pl\/en\/2023\/05\/07\/zapraszamy-do-sklepu-on-line\/\"\n                            class=\"eael-post-elements-readmore-btn\">More<\/a><\/div>\n                    <\/div><div class=\"eael-entry-footer\"><div class=\"eael-entry-meta\"><\/div><\/div><\/div><\/div>\n        <\/div>\n    <\/article><article class=\"eael-grid-post eael-post-grid-column\" data-id=\"184\">\n        <div class=\"eael-grid-post-holder\">\n            <div class=\"eael-grid-post-holder-inner\"><div class=\"eael-entry-media\"><div class=\"eael-entry-overlay zoom-in\"><i class=\"fas fa-long-arrow-alt-right\" aria-hidden=\"true\"><\/i><a href=\"https:\/\/fmp.org.pl\/en\/2023\/05\/07\/wsparcie-prezydenta-miasta-krakowa-na-lata-2022-26\/\"><\/a><\/div><div class=\"eael-entry-thumbnail \">\n                <img loading=\"lazy\" decoding=\"async\" width=\"300\" height=\"300\" src=\"https:\/\/fmp.org.pl\/en\/wp-content\/uploads\/2023\/05\/Projekt-bez-nazwy-12-300x300.jpg\" class=\"attachment-medium size-medium wp-image-438\" alt=\"\" srcset=\"https:\/\/fmp.org.pl\/en\/wp-content\/uploads\/2023\/05\/Projekt-bez-nazwy-12-300x300.jpg 300w, https:\/\/fmp.org.pl\/en\/wp-content\/uploads\/2023\/05\/Projekt-bez-nazwy-12-150x150.jpg 150w\" sizes=\"auto, (max-width: 300px) 100vw, 300px\" \/>\n            <\/div>\n        <\/div><div class=\"eael-entry-wrapper\"><header class=\"eael-entry-header\"><h2 class=\"eael-entry-title\"><a\n                        class=\"eael-grid-post-link\"\n                        href=\"https:\/\/fmp.org.pl\/en\/2023\/05\/07\/wsparcie-prezydenta-miasta-krakowa-na-lata-2022-26\/\"\n                        title=\"Support of the Mayor of the City of Krakow\">Support of the Mayor of the City of Krakow<\/a><\/h2><\/header><div class=\"eael-entry-content\">\n                        <div class=\"eael-grid-post-excerpt\"><a\n                            href=\"https:\/\/fmp.org.pl\/en\/2023\/05\/07\/wsparcie-prezydenta-miasta-krakowa-na-lata-2022-26\/\"\n                            class=\"eael-post-elements-readmore-btn\">More<\/a><\/div>\n                    <\/div><div class=\"eael-entry-footer\"><div class=\"eael-entry-meta\"><\/div><\/div><\/div><\/div>\n        <\/div>\n    <\/article><article class=\"eael-grid-post eael-post-grid-column\" data-id=\"167\">\n        <div class=\"eael-grid-post-holder\">\n            <div class=\"eael-grid-post-holder-inner\"><div class=\"eael-entry-media\"><div class=\"eael-entry-overlay zoom-in\"><i class=\"fas fa-long-arrow-alt-right\" aria-hidden=\"true\"><\/i><a href=\"https:\/\/fmp.org.pl\/en\/2023\/05\/07\/18-festiwal-muzyki-polskiej\/\"><\/a><\/div><div class=\"eael-entry-thumbnail \">\n                <img loading=\"lazy\" decoding=\"async\" width=\"300\" height=\"300\" src=\"https:\/\/fmp.org.pl\/en\/wp-content\/uploads\/2023\/05\/Projekt-bez-nazwy-11-300x300.jpg\" class=\"attachment-medium size-medium wp-image-437\" alt=\"\" srcset=\"https:\/\/fmp.org.pl\/en\/wp-content\/uploads\/2023\/05\/Projekt-bez-nazwy-11-300x300.jpg 300w, https:\/\/fmp.org.pl\/en\/wp-content\/uploads\/2023\/05\/Projekt-bez-nazwy-11-150x150.jpg 150w\" sizes=\"auto, (max-width: 300px) 100vw, 300px\" \/>\n            <\/div>\n        <\/div><div class=\"eael-entry-wrapper\"><header class=\"eael-entry-header\"><h2 class=\"eael-entry-title\"><a\n                        class=\"eael-grid-post-link\"\n                        href=\"https:\/\/fmp.org.pl\/en\/2023\/05\/07\/18-festiwal-muzyki-polskiej\/\"\n                        title=\"18th Festival of Polish Music\">18th Festival of Polish Music<\/a><\/h2><\/header><div class=\"eael-entry-content\">\n                        <div class=\"eael-grid-post-excerpt\"><a\n                            href=\"https:\/\/fmp.org.pl\/en\/2023\/05\/07\/18-festiwal-muzyki-polskiej\/\"\n                            class=\"eael-post-elements-readmore-btn\">More<\/a><\/div>\n                    <\/div><div class=\"eael-entry-footer\"><div class=\"eael-entry-meta\"><\/div><\/div><\/div><\/div>\n        <\/div>\n    <\/article><article class=\"eael-grid-post eael-post-grid-column\" data-id=\"1460\">\n        <div class=\"eael-grid-post-holder\">\n            <div class=\"eael-grid-post-holder-inner\"><div class=\"eael-entry-media\"><div class=\"eael-entry-overlay zoom-in\"><i class=\"fas fa-long-arrow-alt-right\" aria-hidden=\"true\"><\/i><a href=\"https:\/\/fmp.org.pl\/en\/2023\/05\/05\/regulamin-koncertow\/\"><\/a><\/div><div class=\"eael-entry-thumbnail \">\n                <img loading=\"lazy\" decoding=\"async\" width=\"300\" height=\"300\" src=\"https:\/\/fmp.org.pl\/en\/wp-content\/uploads\/2023\/05\/Projekt-bez-nazwy-5-2-300x300.jpg\" class=\"attachment-medium size-medium wp-image-1461\" alt=\"\" srcset=\"https:\/\/fmp.org.pl\/en\/wp-content\/uploads\/2023\/05\/Projekt-bez-nazwy-5-2-300x300.jpg 300w, https:\/\/fmp.org.pl\/en\/wp-content\/uploads\/2023\/05\/Projekt-bez-nazwy-5-2-150x150.jpg 150w\" sizes=\"auto, (max-width: 300px) 100vw, 300px\" \/>\n            <\/div>\n        <\/div><div class=\"eael-entry-wrapper\"><header class=\"eael-entry-header\"><h2 class=\"eael-entry-title\"><a\n                        class=\"eael-grid-post-link\"\n                        href=\"https:\/\/fmp.org.pl\/en\/2023\/05\/05\/regulamin-koncertow\/\"\n                        title=\"Concert regulations\">Concert regulations<\/a><\/h2><\/header><div class=\"eael-entry-content\">\n                        <div class=\"eael-grid-post-excerpt\"><a\n                            href=\"https:\/\/fmp.org.pl\/en\/2023\/05\/05\/regulamin-koncertow\/\"\n                            class=\"eael-post-elements-readmore-btn\">More<\/a><\/div>\n                    <\/div><div class=\"eael-entry-footer\"><div class=\"eael-entry-meta\"><\/div><\/div><\/div><\/div>\n        <\/div>\n    <\/article><article class=\"eael-grid-post eael-post-grid-column\" data-id=\"1467\">\n        <div class=\"eael-grid-post-holder\">\n            <div class=\"eael-grid-post-holder-inner\"><div class=\"eael-entry-media\"><div class=\"eael-entry-overlay zoom-in\"><i class=\"fas fa-long-arrow-alt-right\" aria-hidden=\"true\"><\/i><a href=\"https:\/\/fmp.org.pl\/en\/2023\/05\/04\/koncert-finalowy-17-fmp\/\"><\/a><\/div><div class=\"eael-entry-thumbnail \">\n                <img loading=\"lazy\" decoding=\"async\" width=\"300\" height=\"300\" src=\"https:\/\/fmp.org.pl\/en\/wp-content\/uploads\/2023\/05\/Projekt-bez-nazwy-6-2-300x300.jpg\" class=\"attachment-medium size-medium wp-image-1468\" alt=\"\" srcset=\"https:\/\/fmp.org.pl\/en\/wp-content\/uploads\/2023\/05\/Projekt-bez-nazwy-6-2-300x300.jpg 300w, https:\/\/fmp.org.pl\/en\/wp-content\/uploads\/2023\/05\/Projekt-bez-nazwy-6-2-150x150.jpg 150w\" sizes=\"auto, (max-width: 300px) 100vw, 300px\" \/>\n            <\/div>\n        <\/div><div class=\"eael-entry-wrapper\"><header class=\"eael-entry-header\"><h2 class=\"eael-entry-title\"><a\n                        class=\"eael-grid-post-link\"\n                        href=\"https:\/\/fmp.org.pl\/en\/2023\/05\/04\/koncert-finalowy-17-fmp\/\"\n                        title=\"The final concert of the 17th FMP\">The final concert of the 17th FMP<\/a><\/h2><\/header><div class=\"eael-entry-content\">\n                        <div class=\"eael-grid-post-excerpt\"><a\n                            href=\"https:\/\/fmp.org.pl\/en\/2023\/05\/04\/koncert-finalowy-17-fmp\/\"\n                            class=\"eael-post-elements-readmore-btn\">More<\/a><\/div>\n                    <\/div><div class=\"eael-entry-footer\"><div class=\"eael-entry-meta\"><\/div><\/div><\/div><\/div>\n        <\/div>\n    <\/article><\/div>\n            <div class=\"clearfix\"><\/div>\n        <\/div>\t\t<\/div>\n\t\t\t\t<\/div>\n\t\t\t\t\t<\/div>\n\t\t<\/div>\n\t\t\t\t\t\t\t<\/div>\n\t\t<\/section>\n\t\t\t\t\t\t\t<\/div>\n\t\t","protected":false},"excerpt":{"rendered":"<p>Zmiana dyrygenta w koncercie 1 lipca More Program 19. Festiwalu Muzyki Polskiej More Zapraszamy do sklepu on-line More Wsparcie Prezydenta Miasta Krakowa More Powr\u00f3t Mirandy Liu More 18 Festiwal Muzyki Polskiej More Regulamin koncert\u00f3w More Koncert fina\u0142owy 17 FMP More<\/p>\n","protected":false},"author":1,"featured_media":0,"parent":0,"menu_order":11,"comment_status":"closed","ping_status":"closed","template":"","meta":{"footnotes":""},"class_list":["post-13","page","type-page","status-publish","hentry"],"_links":{"self":[{"href":"https:\/\/fmp.org.pl\/en\/wp-json\/wp\/v2\/pages\/13","targetHints":{"allow":["GET"]}}],"collection":[{"href":"https:\/\/fmp.org.pl\/en\/wp-json\/wp\/v2\/pages"}],"about":[{"href":"https:\/\/fmp.org.pl\/en\/wp-json\/wp\/v2\/types\/page"}],"author":[{"embeddable":true,"href":"https:\/\/fmp.org.pl\/en\/wp-json\/wp\/v2\/users\/1"}],"replies":[{"embeddable":true,"href":"https:\/\/fmp.org.pl\/en\/wp-json\/wp\/v2\/comments?post=13"}],"version-history":[{"count":19,"href":"https:\/\/fmp.org.pl\/en\/wp-json\/wp\/v2\/pages\/13\/revisions"}],"predecessor-version":[{"id":1876,"href":"https:\/\/fmp.org.pl\/en\/wp-json\/wp\/v2\/pages\/13\/revisions\/1876"}],"wp:attachment":[{"href":"https:\/\/fmp.org.pl\/en\/wp-json\/wp\/v2\/media?parent=13"}],"curies":[{"name":"wp","href":"https:\/\/api.w.org\/{rel}","templated":true}]}}