{"id":1671,"date":"2023-05-29T16:00:10","date_gmt":"2023-05-29T14:00:10","guid":{"rendered":"http:\/\/fmp.org.pl\/en\/?page_id=1671"},"modified":"2023-05-31T12:39:00","modified_gmt":"2023-05-31T10:39:00","slug":"o-festiwalu","status":"publish","type":"page","link":"https:\/\/fmp.org.pl\/en\/o-festiwalu\/","title":{"rendered":"O Festiwalu"},"content":{"rendered":"\t\t<div data-elementor-type=\"wp-page\" data-elementor-id=\"1671\" class=\"elementor elementor-1671\">\n\t\t\t\t\t\t\t\t\t<section class=\"elementor-section elementor-top-section elementor-element elementor-element-7937390 elementor-section-full_width elementor-section-stretched elementor-section-height-default elementor-section-height-default\" data-id=\"7937390\" data-element_type=\"section\" data-settings=\"{&quot;stretch_section&quot;:&quot;section-stretched&quot;,&quot;_ha_eqh_enable&quot;:false}\">\n\t\t\t\t\t\t<div class=\"elementor-container elementor-column-gap-default\">\n\t\t\t\t\t<div class=\"aux-parallax-section elementor-column elementor-col-50 elementor-top-column elementor-element elementor-element-d40ea5d\" data-id=\"d40ea5d\" data-element_type=\"column\">\n\t\t\t<div class=\"elementor-widget-wrap elementor-element-populated\">\n\t\t\t\t\t\t\t\t<div class=\"elementor-element elementor-element-a878487 elementor-widget elementor-widget-text-editor\" data-id=\"a878487\" data-element_type=\"widget\" data-widget_type=\"text-editor.default\">\n\t\t\t\t<div class=\"elementor-widget-container\">\n\t\t\t<style>\/*! elementor - v3.13.3 - 28-05-2023 *\/\n.elementor-widget-text-editor.elementor-drop-cap-view-stacked .elementor-drop-cap{background-color:#69727d;color:#fff}.elementor-widget-text-editor.elementor-drop-cap-view-framed .elementor-drop-cap{color:#69727d;border:3px solid;background-color:transparent}.elementor-widget-text-editor:not(.elementor-drop-cap-view-default) .elementor-drop-cap{margin-top:8px}.elementor-widget-text-editor:not(.elementor-drop-cap-view-default) .elementor-drop-cap-letter{width:1em;height:1em}.elementor-widget-text-editor .elementor-drop-cap{float:left;text-align:center;line-height:1;font-size:50px}.elementor-widget-text-editor .elementor-drop-cap-letter{display:inline-block}<\/style>\t\t\t\tContinuously since 2005, the Festival has focused on presenting Polish music from the\nMiddle Ages to the present day, placing it in a broader international context. The mission of\nthe event, organised in July in Krakow, is to recall the best Polish composers and their works,\nto discover forgotten music, and to break the stereotypes that have grown up around this art. It\nis the FMP that recalls and introduces to concert life both forgotten Polish operas, great\nreligious and symphonic works, vocal lyricism and top-notch chamber music by such\ncomposers as J\u00f3zef Micha\u0142 Ksawery Poniatowski, J\u00f3zef Elsner, Karol Kurpi\u0144ski, J\u00f3zef\nKoz\u0142owski, Roman Statkowski and Mieczys\u0142aw Weinberg. Performers at the Festival included\nPeter Jablonski, Jonathan Plowright, El\u017cbieta Szmytka, Yulianna Avdeeva, Evgeni Bozhanov,\nKyohei Sorita, Eric Lu, Seong-Jin Cho, Janusz Wawrowski, Nikolay Khozyainov, Piotr\nP\u0142awner, Tobias Koch, Linus Roth, \u0141ukasz D\u0142ugosz and Agata Szymczewska. Among the\n\nensembles hosted in Krakow were Collegium 1704, Academy of St. Martin in the Fields,\nLondon Sinfonietta, Wroc\u0142aw Baroque Ensemble, Sinfonia Varsovia, NOSPR, AUKSO\nChamber Orchestra, Polish Sinfonia Iuventus Orchestra, &quot;Amadeus&quot; Polish Radio Chamber\nOrchestra or Ostrava Philharmonic Orchestra, with conductors including Jerzy Maksymiuk,\nAgnieszka Duczmal, Alexander Liebreich and \u0141ukasz Borowicz. The festival has also hosted\nprominent composers: Wojciech Kilar, Henryk Miko\u0142aj G\u00f3recki, Krzysztof Penderecki, Pawe\u0142\nMykietyn and Agata Zubel. Pawe\u0142 Orski is the director of the Festival. \t\t\t\t\t\t<\/div>\n\t\t\t\t<\/div>\n\t\t\t\t\t<\/div>\n\t\t<\/div>\n\t\t\t\t<div class=\"aux-parallax-section elementor-column elementor-col-50 elementor-top-column elementor-element elementor-element-270bfa5\" data-id=\"270bfa5\" data-element_type=\"column\">\n\t\t\t<div class=\"elementor-widget-wrap elementor-element-populated\">\n\t\t\t\t\t\t\t\t<div class=\"elementor-element elementor-element-78478e0 elementor-arrows-position-inside elementor-widget elementor-widget-image-carousel\" data-id=\"78478e0\" data-element_type=\"widget\" data-settings=\"{&quot;slides_to_show&quot;:&quot;1&quot;,&quot;navigation&quot;:&quot;arrows&quot;,&quot;autoplay_speed&quot;:3000,&quot;autoplay&quot;:&quot;yes&quot;,&quot;pause_on_hover&quot;:&quot;yes&quot;,&quot;pause_on_interaction&quot;:&quot;yes&quot;,&quot;infinite&quot;:&quot;yes&quot;,&quot;effect&quot;:&quot;slide&quot;,&quot;speed&quot;:500}\" data-widget_type=\"image-carousel.default\">\n\t\t\t\t<div class=\"elementor-widget-container\">\n\t\t\t<style>\/*! elementor - v3.13.3 - 28-05-2023 *\/\n.elementor-widget-image-carousel .swiper,.elementor-widget-image-carousel .swiper-container{position:static}.elementor-widget-image-carousel .swiper-container .swiper-slide figure,.elementor-widget-image-carousel .swiper .swiper-slide figure{line-height:inherit}.elementor-widget-image-carousel .swiper-slide{text-align:center}.elementor-image-carousel-wrapper:not(.swiper-container-initialized):not(.swiper-initialized) .swiper-slide{max-width:calc(100% \/ var(--e-image-carousel-slides-to-show, 3))}<\/style>\t\t<div class=\"elementor-image-carousel-wrapper swiper\" dir=\"ltr\">\n\t\t\t<div class=\"elementor-image-carousel swiper-wrapper\">\n\t\t\t\t\t\t\t\t<div class=\"swiper-slide\"><a data-elementor-open-lightbox=\"yes\" data-elementor-lightbox-slideshow=\"78478e0\" data-elementor-lightbox-title=\"3\" data-e-action-hash=\"#elementor-action%3Aaction%3Dlightbox%26settings%3DeyJpZCI6MTY4NSwidXJsIjoiaHR0cHM6XC9cL2ZtcC5vcmcucGxcL2VuXC93cC1jb250ZW50XC91cGxvYWRzXC8yMDIzXC8wNVwvMy00LmpwZyIsInNsaWRlc2hvdyI6Ijc4NDc4ZTAifQ%3D%3D\" href=\"https:\/\/fmp.org.pl\/en\/wp-content\/uploads\/2023\/05\/3-4.jpg\"><figure class=\"swiper-slide-inner\"><img decoding=\"async\" class=\"swiper-slide-image\" src=\"https:\/\/fmp.org.pl\/en\/wp-content\/uploads\/2023\/05\/3-4.jpg\" alt=\"3\" \/><\/figure><\/a><\/div><div class=\"swiper-slide\"><a data-elementor-open-lightbox=\"yes\" data-elementor-lightbox-slideshow=\"78478e0\" data-elementor-lightbox-title=\"1\" data-e-action-hash=\"#elementor-action%3Aaction%3Dlightbox%26settings%3DeyJpZCI6MTY4NiwidXJsIjoiaHR0cHM6XC9cL2ZtcC5vcmcucGxcL2VuXC93cC1jb250ZW50XC91cGxvYWRzXC8yMDIzXC8wNVwvMS02LmpwZyIsInNsaWRlc2hvdyI6Ijc4NDc4ZTAifQ%3D%3D\" href=\"https:\/\/fmp.org.pl\/en\/wp-content\/uploads\/2023\/05\/1-6.jpg\"><figure class=\"swiper-slide-inner\"><img decoding=\"async\" class=\"swiper-slide-image\" src=\"https:\/\/fmp.org.pl\/en\/wp-content\/uploads\/2023\/05\/1-6.jpg\" alt=\"1\" \/><\/figure><\/a><\/div><div class=\"swiper-slide\"><a data-elementor-open-lightbox=\"yes\" data-elementor-lightbox-slideshow=\"78478e0\" data-elementor-lightbox-title=\"2\" data-e-action-hash=\"#elementor-action%3Aaction%3Dlightbox%26settings%3DeyJpZCI6MTY4NywidXJsIjoiaHR0cHM6XC9cL2ZtcC5vcmcucGxcL2VuXC93cC1jb250ZW50XC91cGxvYWRzXC8yMDIzXC8wNVwvMi03LmpwZyIsInNsaWRlc2hvdyI6Ijc4NDc4ZTAifQ%3D%3D\" href=\"https:\/\/fmp.org.pl\/en\/wp-content\/uploads\/2023\/05\/2-7.jpg\"><figure class=\"swiper-slide-inner\"><img decoding=\"async\" class=\"swiper-slide-image\" src=\"https:\/\/fmp.org.pl\/en\/wp-content\/uploads\/2023\/05\/2-7.jpg\" alt=\"2\" \/><\/figure><\/a><\/div>\t\t\t<\/div>\n\t\t\t\t\t\t\t\t\t\t\t\t\t\t\t\t<div class=\"elementor-swiper-button elementor-swiper-button-prev\" role=\"button\" tabindex=\"0\">\n\t\t\t\t\t\t<i aria-hidden=\"true\" class=\"eicon-chevron-left\"><\/i>\t\t\t\t\t\t<span class=\"elementor-screen-only\">Previous image<\/span>\n\t\t\t\t\t<\/div>\n\t\t\t\t\t<div class=\"elementor-swiper-button elementor-swiper-button-next\" role=\"button\" tabindex=\"0\">\n\t\t\t\t\t\t<i aria-hidden=\"true\" class=\"eicon-chevron-right\"><\/i>\t\t\t\t\t\t<span class=\"elementor-screen-only\">Next image<\/span>\n\t\t\t\t\t<\/div>\n\t\t\t\t\t\t\t\t\t<\/div>\n\t\t\t\t<\/div>\n\t\t\t\t<\/div>\n\t\t\t\t\t<\/div>\n\t\t<\/div>\n\t\t\t\t\t\t\t<\/div>\n\t\t<\/section>\n\t\t\t\t\t\t\t<\/div>\n\t\t","protected":false},"excerpt":{"rendered":"<p>Continuously since 2005, the Festival has focused on presenting Polish music from the Middle Ages to the present day, placing it in a broader international context. The mission of the event, organised in July in Krakow, is to recall the best Polish composers and their works, to discover forgotten music, and to break the stereotypes [&hellip;]<\/p>\n","protected":false},"author":1,"featured_media":0,"parent":0,"menu_order":3,"comment_status":"closed","ping_status":"closed","template":"","meta":{"footnotes":""},"class_list":["post-1671","page","type-page","status-publish","hentry"],"_links":{"self":[{"href":"https:\/\/fmp.org.pl\/en\/wp-json\/wp\/v2\/pages\/1671","targetHints":{"allow":["GET"]}}],"collection":[{"href":"https:\/\/fmp.org.pl\/en\/wp-json\/wp\/v2\/pages"}],"about":[{"href":"https:\/\/fmp.org.pl\/en\/wp-json\/wp\/v2\/types\/page"}],"author":[{"embeddable":true,"href":"https:\/\/fmp.org.pl\/en\/wp-json\/wp\/v2\/users\/1"}],"replies":[{"embeddable":true,"href":"https:\/\/fmp.org.pl\/en\/wp-json\/wp\/v2\/comments?post=1671"}],"version-history":[{"count":31,"href":"https:\/\/fmp.org.pl\/en\/wp-json\/wp\/v2\/pages\/1671\/revisions"}],"predecessor-version":[{"id":1803,"href":"https:\/\/fmp.org.pl\/en\/wp-json\/wp\/v2\/pages\/1671\/revisions\/1803"}],"wp:attachment":[{"href":"https:\/\/fmp.org.pl\/en\/wp-json\/wp\/v2\/media?parent=1671"}],"curies":[{"name":"wp","href":"https:\/\/api.w.org\/{rel}","templated":true}]}}