{"id":2240,"date":"2024-06-15T10:59:48","date_gmt":"2024-06-15T08:59:48","guid":{"rendered":"https:\/\/fmp.org.pl\/en\/?page_id=2240"},"modified":"2024-06-15T11:32:44","modified_gmt":"2024-06-15T09:32:44","slug":"motion-trio-alla-polacca","status":"publish","type":"page","link":"https:\/\/fmp.org.pl\/en\/motion-trio-alla-polacca\/","title":{"rendered":"MOTION TRIO ALLA POLACCA"},"content":{"rendered":"\t\t<div data-elementor-type=\"wp-page\" data-elementor-id=\"2240\" class=\"elementor elementor-2240\">\n\t\t\t\t\t\t\t\t\t<section class=\"elementor-section elementor-top-section elementor-element elementor-element-60a9ecc elementor-section-stretched elementor-section-boxed elementor-section-height-default elementor-section-height-default\" data-id=\"60a9ecc\" data-element_type=\"section\" data-settings=\"{&quot;stretch_section&quot;:&quot;section-stretched&quot;,&quot;background_background&quot;:&quot;classic&quot;,&quot;_ha_eqh_enable&quot;:false}\">\n\t\t\t\t\t\t<div class=\"elementor-container elementor-column-gap-default\">\n\t\t\t\t\t<div class=\"aux-parallax-section elementor-column elementor-col-33 elementor-top-column elementor-element elementor-element-1f8ea22\" data-id=\"1f8ea22\" data-element_type=\"column\">\n\t\t\t<div class=\"elementor-widget-wrap elementor-element-populated\">\n\t\t\t\t\t\t\t\t<div class=\"elementor-element elementor-element-cc2befb elementor-widget elementor-widget-heading\" data-id=\"cc2befb\" data-element_type=\"widget\" data-widget_type=\"heading.default\">\n\t\t\t\t<div class=\"elementor-widget-container\">\n\t\t\t<style>\/*! elementor - v3.13.3 - 28-05-2023 *\/\n.elementor-heading-title{padding:0;margin:0;line-height:1}.elementor-widget-heading .elementor-heading-title[class*=elementor-size-]>a{color:inherit;font-size:inherit;line-height:inherit}.elementor-widget-heading .elementor-heading-title.elementor-size-small{font-size:15px}.elementor-widget-heading .elementor-heading-title.elementor-size-medium{font-size:19px}.elementor-widget-heading .elementor-heading-title.elementor-size-large{font-size:29px}.elementor-widget-heading .elementor-heading-title.elementor-size-xl{font-size:39px}.elementor-widget-heading .elementor-heading-title.elementor-size-xxl{font-size:59px}<\/style><span class=\"elementor-heading-title elementor-size-default\">20. July (Saturday)<br>at 7 p.m. <\/span>\t\t<\/div>\n\t\t\t\t<\/div>\n\t\t\t\t<div class=\"elementor-element elementor-element-edb9515 elementor-align-left elementor-icon-list--layout-traditional elementor-list-item-link-full_width elementor-widget elementor-widget-icon-list\" data-id=\"edb9515\" data-element_type=\"widget\" data-widget_type=\"icon-list.default\">\n\t\t\t\t<div class=\"elementor-widget-container\">\n\t\t\t<link rel=\"stylesheet\" href=\"https:\/\/fmp.org.pl\/en\/wp-content\/plugins\/elementor\/assets\/css\/widget-icon-list.min.css\">\t\t<ul class=\"elementor-icon-list-items\">\n\t\t\t\t\t\t\t<li class=\"elementor-icon-list-item\">\n\t\t\t\t\t\t\t\t\t\t\t<a href=\"https:\/\/www.google.com\/maps?q=Nowohuckie+Centrum+Kultury+ul.+Jana+Paw%C5%82a+II+232&#038;um=1&#038;ie=UTF-8&#038;sa=X&#038;ved=2ahUKEwjF0JPek4v_AhVz-IsKHYxtCgAQ_AUoAXoECAEQAw\" target=\"_blank\" rel=\"nofollow\">\n\n\t\t\t\t\t\t\t\t\t\t\t\t<span class=\"elementor-icon-list-icon\">\n\t\t\t\t\t\t\t<i aria-hidden=\"true\" class=\"fas fa-map-marker-alt\"><\/i>\t\t\t\t\t\t<\/span>\n\t\t\t\t\t\t\t\t\t\t<span class=\"elementor-icon-list-text\">Nowa Huta Cultural Center<\/span>\n\t\t\t\t\t\t\t\t\t\t\t<\/a>\n\t\t\t\t\t\t\t\t\t<\/li>\n\t\t\t\t\t\t<\/ul>\n\t\t\t\t<\/div>\n\t\t\t\t<\/div>\n\t\t\t\t<div class=\"elementor-element elementor-element-14fe2ed elementor-widget elementor-widget-text-editor\" data-id=\"14fe2ed\" data-element_type=\"widget\" data-widget_type=\"text-editor.default\">\n\t\t\t\t<div class=\"elementor-widget-container\">\n\t\t\t<style>\/*! elementor - v3.13.3 - 28-05-2023 *\/\n.elementor-widget-text-editor.elementor-drop-cap-view-stacked .elementor-drop-cap{background-color:#69727d;color:#fff}.elementor-widget-text-editor.elementor-drop-cap-view-framed .elementor-drop-cap{color:#69727d;border:3px solid;background-color:transparent}.elementor-widget-text-editor:not(.elementor-drop-cap-view-default) .elementor-drop-cap{margin-top:8px}.elementor-widget-text-editor:not(.elementor-drop-cap-view-default) .elementor-drop-cap-letter{width:1em;height:1em}.elementor-widget-text-editor .elementor-drop-cap{float:left;text-align:center;line-height:1;font-size:50px}.elementor-widget-text-editor .elementor-drop-cap-letter{display:inline-block}<\/style>\t\t\t\t<p><b>MOTION TRIO<i><br \/><\/i><\/b><\/p><p>ALLA POLACCA<\/p>\t\t\t\t\t\t<\/div>\n\t\t\t\t<\/div>\n\t\t\t\t<div class=\"elementor-element elementor-element-7e0c84f elementor-align-left elementor-widget elementor-widget-button\" data-id=\"7e0c84f\" data-element_type=\"widget\" data-widget_type=\"button.default\">\n\t\t\t\t<div class=\"elementor-widget-container\">\n\t\t\t\t\t<div class=\"elementor-button-wrapper\">\n\t\t\t<a href=\"https:\/\/smp.sumupstore.com\/produkt\/20-07-24-19-00-nowohuckie-centrum-kultury-al-jana-pawla-ii-232\" target=\"_blank\" class=\"elementor-button-link elementor-button elementor-size-md\" role=\"button\">\n\t\t\t\t\t\t<span class=\"elementor-button-content-wrapper\">\n\t\t\t\t\t\t<span class=\"elementor-button-text\">Buy a ticket<\/span>\n\t\t<\/span>\n\t\t\t\t\t<\/a>\n\t\t<\/div>\n\t\t\t\t<\/div>\n\t\t\t\t<\/div>\n\t\t\t\t\t<\/div>\n\t\t<\/div>\n\t\t\t\t<div class=\"aux-parallax-section elementor-column elementor-col-33 elementor-top-column elementor-element elementor-element-1303a12\" data-id=\"1303a12\" data-element_type=\"column\">\n\t\t\t<div class=\"elementor-widget-wrap elementor-element-populated\">\n\t\t\t\t\t\t\t\t<div class=\"elementor-element elementor-element-707f78c elementor-widget elementor-widget-text-editor\" data-id=\"707f78c\" data-element_type=\"widget\" data-widget_type=\"text-editor.default\">\n\t\t\t\t<div class=\"elementor-widget-container\">\n\t\t\t\t\t\t\t<p><strong>Programme<\/strong>:<\/p><p>Janusz Wojtarowicz &#8211; Accordion Fanfare (Polish premiere)<\/p><p>Fryderyk Chopin &#8211; &#8220;Chopin Rhapsody\u201d:<\/p><p style=\"padding-left: 40px;\">Prelude in E major Op.28 No.9<br \/>Nocturne in C sharp minor Op.20 Op.posth.<br \/>Prelude in C minor Op.28 No.20 3.<\/p><p>Fr\u00e9d\u00e9ric Chopin &#8211; Waltz in C sharp minor Op.64 No.2<br \/>Fryderyk Chopin &#8211; Mazurka in C major Op.24 No. 2<br \/>Fryderyk Chopin &#8211; Mazurka in A minor Op.17 No.4<br \/>Fryderyk Chopin &#8211; Nocturne in E flat major Op.9 No.2<\/p><p>Witold Lutos\u0142awski &#8211; Dance Preludes<\/p><p style=\"padding-left: 40px;\">Allegro molto<br \/>Andantino<br \/>Allegro giocoso<br \/>Allegro molto<\/p><p>Henryk Miko\u0142aj G\u00f3recki &#8211; Concerto for harpsichord Op.40, part II &#8211; Vivace<br \/>Jan A.P. Kaczmarek &#8211; Ave Maria<br \/>Jan A.P. Kaczmarek &#8211; Tulip Chase<br \/>Jerzy Maksymiuk &#8211; When Dreams Are Burning (dedicated to Motion Trio)<br \/>Janusz Wojtarowicz &#8211; Silence<br \/>Motion Trio &#8211; DJ Chicken<br \/>Gra\u017cyna Bacewicz &#8211; Oberek Nr 1<br \/>Wojciech Kilar &#8211; Orawa<\/p><p>\u00a0<\/p><p><strong>MOTION TRIO<\/strong><\/p><p><strong>Janusz Wojtarowicz | Pawe\u0142 Baranek | Marcin Ga\u0142a\u017cyn<\/strong><\/p><p>\u00a0<\/p>\t\t\t\t\t\t<\/div>\n\t\t\t\t<\/div>\n\t\t\t\t\t<\/div>\n\t\t<\/div>\n\t\t\t\t<div class=\"aux-parallax-section elementor-column elementor-col-33 elementor-top-column elementor-element elementor-element-f75d988\" data-id=\"f75d988\" data-element_type=\"column\">\n\t\t\t<div class=\"elementor-widget-wrap elementor-element-populated\">\n\t\t\t\t\t\t\t\t<div class=\"elementor-element elementor-element-b3bab52 elementor-widget elementor-widget-image-carousel\" data-id=\"b3bab52\" data-element_type=\"widget\" data-settings=\"{&quot;slides_to_show&quot;:&quot;1&quot;,&quot;slides_to_show_mobile&quot;:&quot;2&quot;,&quot;navigation&quot;:&quot;none&quot;,&quot;autoplay_speed&quot;:3000,&quot;autoplay&quot;:&quot;yes&quot;,&quot;pause_on_hover&quot;:&quot;yes&quot;,&quot;pause_on_interaction&quot;:&quot;yes&quot;,&quot;infinite&quot;:&quot;yes&quot;,&quot;effect&quot;:&quot;slide&quot;,&quot;speed&quot;:500}\" data-widget_type=\"image-carousel.default\">\n\t\t\t\t<div class=\"elementor-widget-container\">\n\t\t\t<style>\/*! elementor - v3.13.3 - 28-05-2023 *\/\n.elementor-widget-image-carousel .swiper,.elementor-widget-image-carousel .swiper-container{position:static}.elementor-widget-image-carousel .swiper-container .swiper-slide figure,.elementor-widget-image-carousel .swiper .swiper-slide figure{line-height:inherit}.elementor-widget-image-carousel .swiper-slide{text-align:center}.elementor-image-carousel-wrapper:not(.swiper-container-initialized):not(.swiper-initialized) .swiper-slide{max-width:calc(100% \/ var(--e-image-carousel-slides-to-show, 3))}<\/style>\t\t<div class=\"elementor-image-carousel-wrapper swiper\" dir=\"ltr\">\n\t\t\t<div class=\"elementor-image-carousel swiper-wrapper\">\n\t\t\t\t\t\t\t\t<div class=\"swiper-slide\"><figure class=\"swiper-slide-inner\"><img decoding=\"async\" class=\"swiper-slide-image\" src=\"https:\/\/fmp.org.pl\/en\/wp-content\/uploads\/elementor\/thumbs\/MOTION-TRIO-2-by-Jacek-Poremba-qpou83g6f89d7sb86simccuugqud310oxuloajdg10.jpg\" alt=\"fot. Jacek Poremba\" \/><figcaption class=\"elementor-image-carousel-caption\">fot. Jacek Poremba<\/figcaption><\/figure><\/div><div class=\"swiper-slide\"><figure class=\"swiper-slide-inner\"><img decoding=\"async\" class=\"swiper-slide-image\" src=\"https:\/\/fmp.org.pl\/en\/wp-content\/uploads\/elementor\/thumbs\/Motion-Trio-by-Jacek-Poremba-2022-qpou81ki1k6skkdyhrpd7dbx9z3mnmt89lapbzg89k.jpg\" alt=\"fot. Jacek Poremba\" \/><figcaption class=\"elementor-image-carousel-caption\">fot. Jacek Poremba<\/figcaption><\/figure><\/div>\t\t\t<\/div>\n\t\t\t\t\t\t\t\t\t\t\t\t\t\t\t\t<\/div>\n\t\t\t\t<\/div>\n\t\t\t\t<\/div>\n\t\t\t\t\t<\/div>\n\t\t<\/div>\n\t\t\t\t\t\t\t<\/div>\n\t\t<\/section>\n\t\t\t\t<section class=\"elementor-section elementor-top-section elementor-element elementor-element-f242a4d elementor-section-stretched elementor-section-boxed elementor-section-height-default elementor-section-height-default\" data-id=\"f242a4d\" data-element_type=\"section\" data-settings=\"{&quot;stretch_section&quot;:&quot;section-stretched&quot;,&quot;_ha_eqh_enable&quot;:false}\">\n\t\t\t\t\t\t<div class=\"elementor-container elementor-column-gap-default\">\n\t\t\t\t\t<div class=\"aux-parallax-section elementor-column elementor-col-100 elementor-top-column elementor-element elementor-element-5be9d51\" data-id=\"5be9d51\" data-element_type=\"column\">\n\t\t\t<div class=\"elementor-widget-wrap elementor-element-populated\">\n\t\t\t\t\t\t\t\t<div class=\"elementor-element elementor-element-59454b2 elementor-widget elementor-widget-text-editor\" data-id=\"59454b2\" data-element_type=\"widget\" data-widget_type=\"text-editor.default\">\n\t\t\t\t<div class=\"elementor-widget-container\">\n\t\t\t\t\t\t\t<p>MOTION TRIO<\/p><p>A Polish accordion trio with an established international reputation, founded in 1996 by Janusz Wojtarowicz. Since then, the band has made its artistic path &#8211; from concerts on the streets of Europe to the largest concert halls in the world, including: New York&#8217;s Carnegie Hall, the Barbican Center in London and the Konzerthaus in Vienna. The trio&#8217;s hallmark is an extremely original sound, achieved, most importantly, while maintaining the pure sound of the accordion &#8211; without processing, without the use of other instruments, without technical tricks.<\/p><p>Full of passion and passion, the Motion Trio&#8217;s music has been appreciated by contemporary masters such as Michael Nyman, Wojciech Kilar, Jerzy Maksymiuk, Jan AP Kaczmarek, Krzysztof Penderecki, Bobby McFerrin and Joe Zawinul. The fourteen albums released by the band gained wide recognition, receiving praise and awards from both jazz and classical music critics. The Motion Trio has performed in forty-four countries around the world on six continents.<\/p><p>The band plays Pigini Sirius Millenium instruments, considered to be the best accordions in the world.<\/p>\t\t\t\t\t\t<\/div>\n\t\t\t\t<\/div>\n\t\t\t\t\t<\/div>\n\t\t<\/div>\n\t\t\t\t\t\t\t<\/div>\n\t\t<\/section>\n\t\t\t\t<section class=\"elementor-section elementor-top-section elementor-element elementor-element-c29ce0e elementor-section-stretched elementor-hidden-desktop elementor-hidden-tablet elementor-hidden-mobile elementor-section-boxed elementor-section-height-default elementor-section-height-default\" data-id=\"c29ce0e\" data-element_type=\"section\" data-settings=\"{&quot;stretch_section&quot;:&quot;section-stretched&quot;,&quot;_ha_eqh_enable&quot;:false}\">\n\t\t\t\t\t\t<div class=\"elementor-container elementor-column-gap-default\">\n\t\t\t\t\t<div class=\"aux-parallax-section elementor-column elementor-col-100 elementor-top-column elementor-element elementor-element-9a98062\" data-id=\"9a98062\" data-element_type=\"column\">\n\t\t\t<div class=\"elementor-widget-wrap elementor-element-populated\">\n\t\t\t\t\t\t\t\t<div class=\"elementor-element elementor-element-7702e36 elementor-widget elementor-widget-heading\" data-id=\"7702e36\" data-element_type=\"widget\" data-widget_type=\"heading.default\">\n\t\t\t\t<div class=\"elementor-widget-container\">\n\t\t\t<span class=\"elementor-heading-title elementor-size-default\">Patrons and Sponsors<\/span>\t\t<\/div>\n\t\t\t\t<\/div>\n\t\t\t\t<section class=\"elementor-section elementor-inner-section elementor-element elementor-element-60b7a69 elementor-section-boxed elementor-section-height-default elementor-section-height-default\" data-id=\"60b7a69\" data-element_type=\"section\" data-settings=\"{&quot;_ha_eqh_enable&quot;:false}\">\n\t\t\t\t\t\t<div class=\"elementor-container elementor-column-gap-default\">\n\t\t\t\t\t<div class=\"aux-parallax-section elementor-column elementor-col-33 elementor-inner-column elementor-element elementor-element-8674612\" data-id=\"8674612\" data-element_type=\"column\">\n\t\t\t<div class=\"elementor-widget-wrap elementor-element-populated\">\n\t\t\t\t\t\t\t\t<div class=\"elementor-element elementor-element-a182908 elementor-widget elementor-widget-image\" data-id=\"a182908\" data-element_type=\"widget\" data-widget_type=\"image.default\">\n\t\t\t\t<div class=\"elementor-widget-container\">\n\t\t\t<style>\/*! elementor - v3.13.3 - 28-05-2023 *\/\n.elementor-widget-image{text-align:center}.elementor-widget-image a{display:inline-block}.elementor-widget-image a img[src$=\".svg\"]{width:48px}.elementor-widget-image img{vertical-align:middle;display:inline-block}<\/style>\t\t\t\t\t\t\t\t\t\t\t\t<img loading=\"lazy\" decoding=\"async\" width=\"287\" height=\"293\" src=\"https:\/\/fmp.org.pl\/en\/wp-content\/uploads\/2023\/05\/Projekt-bez-nazwy.png\" class=\"attachment-large size-large wp-image-1484\" alt=\"\" \/>\t\t\t\t\t\t\t\t\t\t\t\t\t\t\t<\/div>\n\t\t\t\t<\/div>\n\t\t\t\t\t<\/div>\n\t\t<\/div>\n\t\t\t\t<div class=\"aux-parallax-section elementor-column elementor-col-33 elementor-inner-column elementor-element elementor-element-6522248\" data-id=\"6522248\" data-element_type=\"column\">\n\t\t\t<div class=\"elementor-widget-wrap elementor-element-populated\">\n\t\t\t\t\t\t\t\t<div class=\"elementor-element elementor-element-ac81e0d elementor-widget elementor-widget-image\" data-id=\"ac81e0d\" data-element_type=\"widget\" data-widget_type=\"image.default\">\n\t\t\t\t<div class=\"elementor-widget-container\">\n\t\t\t\t\t\t\t\t\t\t\t\t\t\t\t<img loading=\"lazy\" decoding=\"async\" width=\"300\" height=\"150\" src=\"https:\/\/fmp.org.pl\/en\/wp-content\/uploads\/2023\/05\/Projekt-wspolfinansowany-ze-srodkow-miasta-Krakowa-4.png\" class=\"attachment-large size-large wp-image-1488\" alt=\"\" \/>\t\t\t\t\t\t\t\t\t\t\t\t\t\t\t<\/div>\n\t\t\t\t<\/div>\n\t\t\t\t\t<\/div>\n\t\t<\/div>\n\t\t\t\t<div class=\"aux-parallax-section elementor-column elementor-col-33 elementor-inner-column elementor-element elementor-element-10377c1\" data-id=\"10377c1\" data-element_type=\"column\">\n\t\t\t<div class=\"elementor-widget-wrap elementor-element-populated\">\n\t\t\t\t\t\t\t\t<div class=\"elementor-element elementor-element-102bf75 elementor-widget elementor-widget-image\" data-id=\"102bf75\" data-element_type=\"widget\" data-widget_type=\"image.default\">\n\t\t\t\t<div class=\"elementor-widget-container\">\n\t\t\t\t\t\t\t\t\t\t\t\t\t\t\t<img loading=\"lazy\" decoding=\"async\" width=\"300\" height=\"150\" src=\"https:\/\/fmp.org.pl\/en\/wp-content\/uploads\/2023\/05\/Projekt-wspolfinansowany-ze-srodkow-miasta-Krakowa-3.png\" class=\"attachment-large size-large wp-image-758\" alt=\"\" \/>\t\t\t\t\t\t\t\t\t\t\t\t\t\t\t<\/div>\n\t\t\t\t<\/div>\n\t\t\t\t\t<\/div>\n\t\t<\/div>\n\t\t\t\t\t\t\t<\/div>\n\t\t<\/section>\n\t\t\t\t<section class=\"elementor-section elementor-inner-section elementor-element elementor-element-205b3ad elementor-section-boxed elementor-section-height-default elementor-section-height-default\" data-id=\"205b3ad\" data-element_type=\"section\" data-settings=\"{&quot;_ha_eqh_enable&quot;:false}\">\n\t\t\t\t\t\t<div class=\"elementor-container elementor-column-gap-default\">\n\t\t\t\t\t<div class=\"aux-parallax-section elementor-column elementor-col-25 elementor-inner-column elementor-element elementor-element-0f557b5\" data-id=\"0f557b5\" data-element_type=\"column\">\n\t\t\t<div class=\"elementor-widget-wrap elementor-element-populated\">\n\t\t\t\t\t\t\t\t<div class=\"elementor-element elementor-element-8610910 elementor-widget elementor-widget-image\" data-id=\"8610910\" data-element_type=\"widget\" data-widget_type=\"image.default\">\n\t\t\t\t<div class=\"elementor-widget-container\">\n\t\t\t\t\t\t\t\t\t\t\t\t\t\t\t<img loading=\"lazy\" decoding=\"async\" width=\"300\" height=\"150\" src=\"https:\/\/fmp.org.pl\/en\/wp-content\/uploads\/2024\/06\/partnerzy_Filharmonia-Krakowska.png\" class=\"attachment-large size-large wp-image-2115\" alt=\"\" \/>\t\t\t\t\t\t\t\t\t\t\t\t\t\t\t<\/div>\n\t\t\t\t<\/div>\n\t\t\t\t\t<\/div>\n\t\t<\/div>\n\t\t\t\t<div class=\"aux-parallax-section elementor-column elementor-col-25 elementor-inner-column elementor-element elementor-element-dc385a1\" data-id=\"dc385a1\" data-element_type=\"column\">\n\t\t\t<div class=\"elementor-widget-wrap elementor-element-populated\">\n\t\t\t\t\t\t\t\t<div class=\"elementor-element elementor-element-ccba21c elementor-widget elementor-widget-image\" data-id=\"ccba21c\" data-element_type=\"widget\" data-widget_type=\"image.default\">\n\t\t\t\t<div class=\"elementor-widget-container\">\n\t\t\t\t\t\t\t\t\t\t\t\t\t\t\t<img loading=\"lazy\" decoding=\"async\" width=\"300\" height=\"150\" src=\"https:\/\/fmp.org.pl\/en\/wp-content\/uploads\/2024\/06\/partnerzy_Muzyczne-Mosty.png\" class=\"attachment-large size-large wp-image-2116\" alt=\"\" \/>\t\t\t\t\t\t\t\t\t\t\t\t\t\t\t<\/div>\n\t\t\t\t<\/div>\n\t\t\t\t\t<\/div>\n\t\t<\/div>\n\t\t\t\t<div class=\"aux-parallax-section elementor-column elementor-col-25 elementor-inner-column elementor-element elementor-element-fc02433\" data-id=\"fc02433\" data-element_type=\"column\">\n\t\t\t<div class=\"elementor-widget-wrap elementor-element-populated\">\n\t\t\t\t\t\t\t\t<div class=\"elementor-element elementor-element-4eb9db6 elementor-widget elementor-widget-image\" data-id=\"4eb9db6\" data-element_type=\"widget\" data-widget_type=\"image.default\">\n\t\t\t\t<div class=\"elementor-widget-container\">\n\t\t\t\t\t\t\t\t\t\t\t\t\t\t\t<img loading=\"lazy\" decoding=\"async\" width=\"300\" height=\"150\" src=\"https:\/\/fmp.org.pl\/en\/wp-content\/uploads\/2024\/06\/partnerzy_danza_350x150.png\" class=\"attachment-large size-large wp-image-2117\" alt=\"\" \/>\t\t\t\t\t\t\t\t\t\t\t\t\t\t\t<\/div>\n\t\t\t\t<\/div>\n\t\t\t\t\t<\/div>\n\t\t<\/div>\n\t\t\t\t<div class=\"aux-parallax-section elementor-column elementor-col-25 elementor-inner-column elementor-element elementor-element-33f5960\" data-id=\"33f5960\" data-element_type=\"column\">\n\t\t\t<div class=\"elementor-widget-wrap elementor-element-populated\">\n\t\t\t\t\t\t\t\t<div class=\"elementor-element elementor-element-1278fba elementor-widget elementor-widget-image\" data-id=\"1278fba\" data-element_type=\"widget\" data-widget_type=\"image.default\">\n\t\t\t\t<div class=\"elementor-widget-container\">\n\t\t\t\t\t\t\t\t\t\t\t\t\t\t\t<img loading=\"lazy\" decoding=\"async\" width=\"842\" height=\"1024\" src=\"https:\/\/fmp.org.pl\/en\/wp-content\/uploads\/2024\/06\/plakat__fundusz__celowy-842x1024.jpg\" class=\"attachment-large size-large wp-image-2118\" alt=\"\" \/>\t\t\t\t\t\t\t\t\t\t\t\t\t\t\t<\/div>\n\t\t\t\t<\/div>\n\t\t\t\t\t<\/div>\n\t\t<\/div>\n\t\t\t\t\t\t\t<\/div>\n\t\t<\/section>\n\t\t\t\t\t<\/div>\n\t\t<\/div>\n\t\t\t\t\t\t\t<\/div>\n\t\t<\/section>\n\t\t\t\t\t\t\t<\/div>\n\t\t","protected":false},"excerpt":{"rendered":"<p>20. July (Saturday)at 7 p.m. Nowa Huta Cultural Center MOTION TRIO ALLA POLACCA Buy a ticket Programme: Janusz Wojtarowicz &#8211; Accordion Fanfare (Polish premiere) Fryderyk Chopin &#8211; &#8220;Chopin Rhapsody\u201d: Prelude in E major Op.28 No.9Nocturne in C sharp minor Op.20 Op.posth.Prelude in C minor Op.28 No.20 3. Fr\u00e9d\u00e9ric Chopin &#8211; Waltz in C sharp minor [&hellip;]<\/p>\n","protected":false},"author":2,"featured_media":0,"parent":0,"menu_order":17,"comment_status":"closed","ping_status":"closed","template":"","meta":{"footnotes":""},"class_list":["post-2240","page","type-page","status-publish","hentry"],"_links":{"self":[{"href":"https:\/\/fmp.org.pl\/en\/wp-json\/wp\/v2\/pages\/2240","targetHints":{"allow":["GET"]}}],"collection":[{"href":"https:\/\/fmp.org.pl\/en\/wp-json\/wp\/v2\/pages"}],"about":[{"href":"https:\/\/fmp.org.pl\/en\/wp-json\/wp\/v2\/types\/page"}],"author":[{"embeddable":true,"href":"https:\/\/fmp.org.pl\/en\/wp-json\/wp\/v2\/users\/2"}],"replies":[{"embeddable":true,"href":"https:\/\/fmp.org.pl\/en\/wp-json\/wp\/v2\/comments?post=2240"}],"version-history":[{"count":19,"href":"https:\/\/fmp.org.pl\/en\/wp-json\/wp\/v2\/pages\/2240\/revisions"}],"predecessor-version":[{"id":2268,"href":"https:\/\/fmp.org.pl\/en\/wp-json\/wp\/v2\/pages\/2240\/revisions\/2268"}],"wp:attachment":[{"href":"https:\/\/fmp.org.pl\/en\/wp-json\/wp\/v2\/media?parent=2240"}],"curies":[{"name":"wp","href":"https:\/\/api.w.org\/{rel}","templated":true}]}}