{"id":963,"date":"2023-05-23T12:52:06","date_gmt":"2023-05-23T10:52:06","guid":{"rendered":"http:\/\/fmp.org.pl\/en\/?page_id=963"},"modified":"2023-06-22T13:13:04","modified_gmt":"2023-06-22T11:13:04","slug":"8-lipca","status":"publish","type":"page","link":"https:\/\/fmp.org.pl\/en\/8-lipca\/","title":{"rendered":"8 lipca"},"content":{"rendered":"\t\t<div data-elementor-type=\"wp-page\" data-elementor-id=\"963\" class=\"elementor elementor-963\">\n\t\t\t\t\t\t\t\t\t<section class=\"elementor-section elementor-top-section elementor-element elementor-element-6e2c4d9 elementor-section-stretched elementor-section-boxed elementor-section-height-default elementor-section-height-default\" data-id=\"6e2c4d9\" data-element_type=\"section\" data-settings=\"{&quot;stretch_section&quot;:&quot;section-stretched&quot;,&quot;background_background&quot;:&quot;classic&quot;,&quot;_ha_eqh_enable&quot;:false}\">\n\t\t\t\t\t\t<div class=\"elementor-container elementor-column-gap-default\">\n\t\t\t\t\t<div class=\"aux-parallax-section elementor-column elementor-col-33 elementor-top-column elementor-element elementor-element-3cc8cd7\" data-id=\"3cc8cd7\" data-element_type=\"column\">\n\t\t\t<div class=\"elementor-widget-wrap elementor-element-populated\">\n\t\t\t\t\t\t\t\t<div class=\"elementor-element elementor-element-c408352 elementor-widget elementor-widget-heading\" data-id=\"c408352\" data-element_type=\"widget\" data-widget_type=\"heading.default\">\n\t\t\t\t<div class=\"elementor-widget-container\">\n\t\t\t<style>\/*! elementor - v3.13.3 - 28-05-2023 *\/\n.elementor-heading-title{padding:0;margin:0;line-height:1}.elementor-widget-heading .elementor-heading-title[class*=elementor-size-]>a{color:inherit;font-size:inherit;line-height:inherit}.elementor-widget-heading .elementor-heading-title.elementor-size-small{font-size:15px}.elementor-widget-heading .elementor-heading-title.elementor-size-medium{font-size:19px}.elementor-widget-heading .elementor-heading-title.elementor-size-large{font-size:29px}.elementor-widget-heading .elementor-heading-title.elementor-size-xl{font-size:39px}.elementor-widget-heading .elementor-heading-title.elementor-size-xxl{font-size:59px}<\/style><span class=\"elementor-heading-title elementor-size-default\">July 8, 2023 <br>hrs. at 19.00<\/span>\t\t<\/div>\n\t\t\t\t<\/div>\n\t\t\t\t<div class=\"elementor-element elementor-element-9aa0195 elementor-align-left elementor-icon-list--layout-traditional elementor-list-item-link-full_width elementor-widget elementor-widget-icon-list\" data-id=\"9aa0195\" data-element_type=\"widget\" data-widget_type=\"icon-list.default\">\n\t\t\t\t<div class=\"elementor-widget-container\">\n\t\t\t<link rel=\"stylesheet\" href=\"https:\/\/fmp.org.pl\/en\/wp-content\/plugins\/elementor\/assets\/css\/widget-icon-list.min.css\">\t\t<ul class=\"elementor-icon-list-items\">\n\t\t\t\t\t\t\t<li class=\"elementor-icon-list-item\">\n\t\t\t\t\t\t\t\t\t\t\t<a href=\"https:\/\/www.google.com\/maps?q=Bazylika+Naj%C5%9Bwi%C4%99tszego+Serca+Pan+Jezusa+ul.+Kopernika+26&#038;um=1&#038;ie=UTF-8&#038;sa=X&#038;ved=2ahUKEwjUnOCCnIv_AhUNpIsKHQNWAw8Q_AUoAXoECAIQAw\" target=\"_blank\" rel=\"nofollow\">\n\n\t\t\t\t\t\t\t\t\t\t\t\t<span class=\"elementor-icon-list-icon\">\n\t\t\t\t\t\t\t<i aria-hidden=\"true\" class=\"fas fa-map-marker-alt\"><\/i>\t\t\t\t\t\t<\/span>\n\t\t\t\t\t\t\t\t\t\t<span class=\"elementor-icon-list-text\">NSPJ Basilica<\/span>\n\t\t\t\t\t\t\t\t\t\t\t<\/a>\n\t\t\t\t\t\t\t\t\t<\/li>\n\t\t\t\t\t\t<\/ul>\n\t\t\t\t<\/div>\n\t\t\t\t<\/div>\n\t\t\t\t<div class=\"elementor-element elementor-element-3532cac elementor-widget elementor-widget-text-editor\" data-id=\"3532cac\" data-element_type=\"widget\" data-widget_type=\"text-editor.default\">\n\t\t\t\t<div class=\"elementor-widget-container\">\n\t\t\t<style>\/*! elementor - v3.13.3 - 28-05-2023 *\/\n.elementor-widget-text-editor.elementor-drop-cap-view-stacked .elementor-drop-cap{background-color:#69727d;color:#fff}.elementor-widget-text-editor.elementor-drop-cap-view-framed .elementor-drop-cap{color:#69727d;border:3px solid;background-color:transparent}.elementor-widget-text-editor:not(.elementor-drop-cap-view-default) .elementor-drop-cap{margin-top:8px}.elementor-widget-text-editor:not(.elementor-drop-cap-view-default) .elementor-drop-cap-letter{width:1em;height:1em}.elementor-widget-text-editor .elementor-drop-cap{float:left;text-align:center;line-height:1;font-size:50px}.elementor-widget-text-editor .elementor-drop-cap-letter{display:inline-block}<\/style>\t\t\t\t<p><em>Concert on the 150th anniversary of his death<br \/>J\u00f3zef Micha\u0142 Ksawery Poniatowski<br \/>February 21, 1816 \u2013 July 8, 1873.\u00a0<\/em><\/p><p>Monika \u015awiostek, soprano<br \/>Ewa Menaszek, alt<br \/>Stanislaw Napiera\u0142a, tenor<br \/>Micha\u0142 Janicki, baritone<br \/>Marcin Arma\u0144ski, organs<br \/>Wawel Cathedral Mixed Choir<br \/>Andrzej Korzeniowski, conductor\u00a0<\/p>\t\t\t\t\t\t<\/div>\n\t\t\t\t<\/div>\n\t\t\t\t\t<\/div>\n\t\t<\/div>\n\t\t\t\t<div class=\"aux-parallax-section elementor-column elementor-col-33 elementor-top-column elementor-element elementor-element-1633241\" data-id=\"1633241\" data-element_type=\"column\">\n\t\t\t<div class=\"elementor-widget-wrap elementor-element-populated\">\n\t\t\t\t\t\t\t\t<div class=\"elementor-element elementor-element-91e5795 elementor-widget elementor-widget-text-editor\" data-id=\"91e5795\" data-element_type=\"widget\" data-widget_type=\"text-editor.default\">\n\t\t\t\t<div class=\"elementor-widget-container\">\n\t\t\t\t\t\t\t<p><strong>Stanis\u0142aw Moniuszko: Funeral Mass in G minor\u00a0<\/strong><br \/>1. Requiem Aeternam<br \/>2. Graduals<br \/>3. Offertory<br \/>4. Sanctuary<br \/>5. Benedictus<br \/>6. Agnus Dei<\/p><p><strong>J\u00f3zef Micha\u0142 Ksawery Poniatowski: Missa in F<\/strong><br \/>1. Kyries<br \/>2. Gloria<br \/>3. Creed<br \/>4. Sanctuary<br \/>5. About Salutaris<br \/>6. Agnus Dei<br \/>7. Amen<\/p>\t\t\t\t\t\t<\/div>\n\t\t\t\t<\/div>\n\t\t\t\t<div class=\"elementor-element elementor-element-9fb462b elementor-align-left elementor-widget elementor-widget-button\" data-id=\"9fb462b\" data-element_type=\"widget\" data-widget_type=\"button.default\">\n\t\t\t\t<div class=\"elementor-widget-container\">\n\t\t\t\t\t<div class=\"elementor-button-wrapper\">\n\t\t\t<a href=\"https:\/\/smp.sumupstore.com\" target=\"_blank\" class=\"elementor-button-link elementor-button elementor-size-sm\" role=\"button\">\n\t\t\t\t\t\t<span class=\"elementor-button-content-wrapper\">\n\t\t\t\t\t\t<span class=\"elementor-button-text\">Buy a ticket<\/span>\n\t\t<\/span>\n\t\t\t\t\t<\/a>\n\t\t<\/div>\n\t\t\t\t<\/div>\n\t\t\t\t<\/div>\n\t\t\t\t\t<\/div>\n\t\t<\/div>\n\t\t\t\t<div class=\"aux-parallax-section elementor-column elementor-col-33 elementor-top-column elementor-element elementor-element-8061320\" data-id=\"8061320\" data-element_type=\"column\">\n\t\t\t<div class=\"elementor-widget-wrap elementor-element-populated\">\n\t\t\t\t\t\t\t\t<div class=\"elementor-element elementor-element-5477a68 elementor-widget elementor-widget-image-carousel\" data-id=\"5477a68\" data-element_type=\"widget\" data-settings=\"{&quot;slides_to_show&quot;:&quot;1&quot;,&quot;slides_to_show_mobile&quot;:&quot;2&quot;,&quot;navigation&quot;:&quot;none&quot;,&quot;autoplay_speed&quot;:3000,&quot;autoplay&quot;:&quot;yes&quot;,&quot;pause_on_hover&quot;:&quot;yes&quot;,&quot;pause_on_interaction&quot;:&quot;yes&quot;,&quot;infinite&quot;:&quot;yes&quot;,&quot;effect&quot;:&quot;slide&quot;,&quot;speed&quot;:500}\" data-widget_type=\"image-carousel.default\">\n\t\t\t\t<div class=\"elementor-widget-container\">\n\t\t\t<style>\/*! elementor - v3.13.3 - 28-05-2023 *\/\n.elementor-widget-image-carousel .swiper,.elementor-widget-image-carousel .swiper-container{position:static}.elementor-widget-image-carousel .swiper-container .swiper-slide figure,.elementor-widget-image-carousel .swiper .swiper-slide figure{line-height:inherit}.elementor-widget-image-carousel .swiper-slide{text-align:center}.elementor-image-carousel-wrapper:not(.swiper-container-initialized):not(.swiper-initialized) .swiper-slide{max-width:calc(100% \/ var(--e-image-carousel-slides-to-show, 3))}<\/style>\t\t<div class=\"elementor-image-carousel-wrapper swiper\" dir=\"ltr\">\n\t\t\t<div class=\"elementor-image-carousel swiper-wrapper\">\n\t\t\t\t\t\t\t\t<div class=\"swiper-slide\"><figure class=\"swiper-slide-inner\"><img decoding=\"async\" class=\"swiper-slide-image\" src=\"https:\/\/fmp.org.pl\/en\/wp-content\/uploads\/2023\/05\/Andrzej-Korzeniowski.jpg\" alt=\"fot. P. Markowski\" \/><figcaption class=\"elementor-image-carousel-caption\">fot. P. Markowski<\/figcaption><\/figure><\/div><div class=\"swiper-slide\"><figure class=\"swiper-slide-inner\"><img decoding=\"async\" class=\"swiper-slide-image\" src=\"https:\/\/fmp.org.pl\/en\/wp-content\/uploads\/2023\/05\/1-3.jpg\" alt=\"fot. Izabela Adamska\" \/><figcaption class=\"elementor-image-carousel-caption\">fot. Izabela Adamska<\/figcaption><\/figure><\/div><div class=\"swiper-slide\"><figure class=\"swiper-slide-inner\"><img decoding=\"async\" class=\"swiper-slide-image\" src=\"https:\/\/fmp.org.pl\/en\/wp-content\/uploads\/2023\/05\/2-4.jpg\" alt=\"fot. Anna Kaczmarz\" \/><figcaption class=\"elementor-image-carousel-caption\">fot. Anna Kaczmarz<\/figcaption><\/figure><\/div><div class=\"swiper-slide\"><figure class=\"swiper-slide-inner\"><img decoding=\"async\" class=\"swiper-slide-image\" src=\"https:\/\/fmp.org.pl\/en\/wp-content\/uploads\/2023\/05\/3-3.jpg\" alt=\"Archiwum artysty\" \/><figcaption class=\"elementor-image-carousel-caption\">Archiwum artysty<\/figcaption><\/figure><\/div><div class=\"swiper-slide\"><figure class=\"swiper-slide-inner\"><img decoding=\"async\" class=\"swiper-slide-image\" src=\"https:\/\/fmp.org.pl\/en\/wp-content\/uploads\/2023\/05\/4-3.jpg\" alt=\"fot. Anna Kaczmarz\" \/><figcaption class=\"elementor-image-carousel-caption\">fot. Anna Kaczmarz<\/figcaption><\/figure><\/div><div class=\"swiper-slide\"><figure class=\"swiper-slide-inner\"><img decoding=\"async\" class=\"swiper-slide-image\" src=\"https:\/\/fmp.org.pl\/en\/wp-content\/uploads\/2023\/05\/5-1.jpg\" alt=\"fot. Karpati&amp;Zarewicz\" \/><figcaption class=\"elementor-image-carousel-caption\">fot. Karpati&amp;Zarewicz<\/figcaption><\/figure><\/div>\t\t\t<\/div>\n\t\t\t\t\t\t\t\t\t\t\t\t\t\t\t\t<\/div>\n\t\t\t\t<\/div>\n\t\t\t\t<\/div>\n\t\t\t\t\t<\/div>\n\t\t<\/div>\n\t\t\t\t\t\t\t<\/div>\n\t\t<\/section>\n\t\t\t\t\t\t\t<\/div>\n\t\t","protected":false},"excerpt":{"rendered":"<p>July 8, 2023 hrs. at 19.00 NSPJ Basilica Concert on the 150th anniversary of his deathJ\u00f3zef Micha\u0142 Ksawery PoniatowskiFebruary 21, 1816 \u2013 July 8, 1873.\u00a0 Monika \u015awiostek, sopranoEwa Menaszek, altStanislaw Napiera\u0142a, tenorMicha\u0142 Janicki, baritoneMarcin Arma\u0144ski, organsWawel Cathedral Mixed ChoirAndrzej Korzeniowski, conductor\u00a0 Stanis\u0142aw Moniuszko: Funeral Mass in G minor\u00a01. Requiem Aeternam2. Graduals3. Offertory4. Sanctuary5. Benedictus6. Agnus [&hellip;]<\/p>\n","protected":false},"author":1,"featured_media":0,"parent":0,"menu_order":10,"comment_status":"closed","ping_status":"closed","template":"","meta":{"footnotes":""},"class_list":["post-963","page","type-page","status-publish","hentry"],"_links":{"self":[{"href":"https:\/\/fmp.org.pl\/en\/wp-json\/wp\/v2\/pages\/963","targetHints":{"allow":["GET"]}}],"collection":[{"href":"https:\/\/fmp.org.pl\/en\/wp-json\/wp\/v2\/pages"}],"about":[{"href":"https:\/\/fmp.org.pl\/en\/wp-json\/wp\/v2\/types\/page"}],"author":[{"embeddable":true,"href":"https:\/\/fmp.org.pl\/en\/wp-json\/wp\/v2\/users\/1"}],"replies":[{"embeddable":true,"href":"https:\/\/fmp.org.pl\/en\/wp-json\/wp\/v2\/comments?post=963"}],"version-history":[{"count":55,"href":"https:\/\/fmp.org.pl\/en\/wp-json\/wp\/v2\/pages\/963\/revisions"}],"predecessor-version":[{"id":1996,"href":"https:\/\/fmp.org.pl\/en\/wp-json\/wp\/v2\/pages\/963\/revisions\/1996"}],"wp:attachment":[{"href":"https:\/\/fmp.org.pl\/en\/wp-json\/wp\/v2\/media?parent=963"}],"curies":[{"name":"wp","href":"https:\/\/api.w.org\/{rel}","templated":true}]}}